{"id":1038,"date":"2023-12-26T15:23:47","date_gmt":"2023-12-26T15:23:47","guid":{"rendered":"https:\/\/grupolacosta.com\/?page_id=1038"},"modified":"2024-02-06T16:32:02","modified_gmt":"2024-02-06T16:32:02","slug":"aviso-legal","status":"publish","type":"page","link":"https:\/\/grupolacosta.com\/en\/aviso-legal","title":{"rendered":"Legal advice"},"content":{"rendered":"<div data-elementor-type=\"wp-page\" data-elementor-id=\"1038\" class=\"elementor elementor-1038\" data-elementor-post-type=\"page\">\n\t\t\t\t\t\t<section class=\"elementor-section elementor-top-section elementor-element elementor-element-5049086 elementor-section-boxed elementor-section-height-default elementor-section-height-default\" data-id=\"5049086\" data-element_type=\"section\" data-settings=\"{&quot;background_background&quot;:&quot;classic&quot;}\">\n\t\t\t\t\t\t<div class=\"elementor-container elementor-column-gap-default\">\n\t\t\t\t\t<div class=\"elementor-column elementor-col-100 elementor-top-column elementor-element elementor-element-5ee74da\" data-id=\"5ee74da\" data-element_type=\"column\">\n\t\t\t<div class=\"elementor-widget-wrap elementor-element-populated\">\n\t\t\t\t\t\t<section class=\"elementor-section elementor-inner-section elementor-element elementor-element-dcdf0b7 elementor-section-boxed elementor-section-height-default elementor-section-height-default\" data-id=\"dcdf0b7\" data-element_type=\"section\">\n\t\t\t\t\t\t<div class=\"elementor-container elementor-column-gap-default\">\n\t\t\t\t\t<div class=\"elementor-column elementor-col-100 elementor-inner-column elementor-element elementor-element-56dd53f\" data-id=\"56dd53f\" data-element_type=\"column\">\n\t\t\t<div class=\"elementor-widget-wrap elementor-element-populated\">\n\t\t\t\t\t\t<div class=\"elementor-element elementor-element-0f08938 elementor-widget elementor-widget-heading\" data-id=\"0f08938\" data-element_type=\"widget\" data-widget_type=\"heading.default\">\n\t\t\t\t<div class=\"elementor-widget-container\">\n\t\t\t<style>\/*! elementor - v3.23.0 - 25-07-2024 *\/\n.elementor-heading-title{padding:0;margin:0;line-height:1}.elementor-widget-heading .elementor-heading-title[class*=elementor-size-]>a{color:inherit;font-size:inherit;line-height:inherit}.elementor-widget-heading .elementor-heading-title.elementor-size-small{font-size:15px}.elementor-widget-heading .elementor-heading-title.elementor-size-medium{font-size:19px}.elementor-widget-heading .elementor-heading-title.elementor-size-large{font-size:29px}.elementor-widget-heading .elementor-heading-title.elementor-size-xl{font-size:39px}.elementor-widget-heading .elementor-heading-title.elementor-size-xxl{font-size:59px}<\/style><h2 class=\"elementor-heading-title elementor-size-default\">Legal advice<\/h2>\t\t<\/div>\n\t\t\t\t<\/div>\n\t\t\t\t<div class=\"elementor-element elementor-element-bcdd57e elementor-widget elementor-widget-text-editor\" data-id=\"bcdd57e\" data-element_type=\"widget\" data-widget_type=\"text-editor.default\">\n\t\t\t\t<div class=\"elementor-widget-container\">\n\t\t\t<style>\/*! elementor - v3.23.0 - 25-07-2024 *\/\n.elementor-widget-text-editor.elementor-drop-cap-view-stacked .elementor-drop-cap{background-color:#69727d;color:#fff}.elementor-widget-text-editor.elementor-drop-cap-view-framed .elementor-drop-cap{color:#69727d;border:3px solid;background-color:transparent}.elementor-widget-text-editor:not(.elementor-drop-cap-view-default) .elementor-drop-cap{margin-top:8px}.elementor-widget-text-editor:not(.elementor-drop-cap-view-default) .elementor-drop-cap-letter{width:1em;height:1em}.elementor-widget-text-editor .elementor-drop-cap{float:left;text-align:center;line-height:1;font-size:50px}.elementor-widget-text-editor .elementor-drop-cap-letter{display:inline-block}<\/style>\t\t\t\t<div><div><div><p style=\"text-align: justify;\"><strong>1) LEGAL NOTICE OF USE: Data collection on the website (LSSICE + LOPD + GDPR)<\/strong><\/p><p style=\"text-align: justify;\">In compliance with the General Data Protection Regulation (EU) 2016\/679 of the European Parliament and of the Council of April 27, 2016, we inform you that the data you provide will be processed by the commercial entity \u201cGrupo La Costa\u201d (GESTI\u00d3N INMOBILIARIA MALAGUE\u00d1A SIGLO XXI, S.L., with CIF B93505592), with its commercial address at Carril del Siroco, 8 Local 1, 29630 Benalm\u00e1dena Costa, M\u00e1laga, for the purpose of providing the requested and\/or contracted service, and performing the necessary procedures. The legal basis for processing your data is the execution of the service you have contracted and\/or requested. The prospective offer of products and services is based on the consent you provide, without affecting the execution of the contract should you withdraw this consent. The data provided will be retained while the commercial relationship is maintained or for the years necessary to comply with legal obligations. The data will not be shared with third parties, except where there is a legal obligation. You have the right to obtain confirmation about whether \u201cGrupo La Costa\u201d is processing your personal data and, therefore, have the right to exercise your rights to access, rectify, limit processing, portability, object to processing, and erase your data, as well as the right to lodge a complaint with the Control Authority by sending a written request to the above postal address or to the email contact@grupolacosta.com, attaching a copy of your ID in both cases. Additionally, we request your authorization to offer you products and services related to those requested, provided, and\/or marketed by our entity, and to thereby retain you as a client.<\/p><p style=\"text-align: justify;\"><strong>2) USERS:<\/strong><\/p><p style=\"text-align: justify;\">Access to and\/or use of this \u201cGrupo La Costa\u201d portal grants the status of USER, who accepts, from such access and\/or use, the General Terms of Use outlined here. These Terms will apply regardless of the General Terms of Contracting that may be mandatory.<\/p><p style=\"text-align: justify;\"><strong>3) USE OF THE PORTAL:<\/strong><\/p><p style=\"text-align: justify;\">Lacostapropiedades.com provides access to a multitude of information, services, programs, or data (hereinafter, \u201cthe content\u201d) on the Internet belonging to \u201cGrupo La Costa\u201d or its licensors to which the USER may have access.<\/p><p style=\"text-align: justify;\">The USER assumes responsibility for the use of the portal. This responsibility extends to the registration that may be necessary to access certain services or content. In this registration, the USER will be responsible for providing truthful and lawful information. As a result of this possible registration, the USER may be provided with a password for which they will be responsible, committing to use it diligently and confidentially.<\/p><p style=\"text-align: justify;\">The USER undertakes to make appropriate use of the contents and services that \"Grupo-Costa del Sol\" offers through its portal, and, by way of example but not limited to, not to use them for:<\/p><p style=\"text-align: justify;\">(I) Engaging in unlawful, illegal, or activities contrary to good faith and public order.<\/p><p style=\"text-align: justify;\">(II) Spreading content or propaganda of a racist, xenophobic, illegal pornographic, terrorist-apologetic, or human rights-violating nature.<\/p><p style=\"text-align: justify;\">(III) Cause damage to the physical and logical systems of \u201cGrupo La Costa,\u201d its suppliers, or third parties, introduce or spread computer viruses or any other physical or logical systems capable of causing the aforementioned damage.<\/p><p style=\"text-align: justify;\">(IV) Attempt to access and, if applicable, use the email accounts of other users and modify or manipulate their messages. \u201cGrupo La Costa\u201d reserves the right to remove any comments and contributions that violate respect for the dignity of individuals, that are discriminatory, xenophobic, racist, pornographic, that harm youth or children, disrupt public order or safety, or that, in its opinion, are not suitable for publication.<\/p><p style=\"text-align: justify;\">In any case, \u201cGrupo La Costa\u201d shall not be responsible for the opinions expressed by users through forums, chats, or other participation tools.<\/p><p style=\"text-align: justify;\"><strong>4) DATA PROTECTION<\/strong><\/p><p style=\"text-align: justify;\">\u201cGrupo La Costa\u201d complies with the guidelines of Organic Law 15\/1999 of December 13 on the Protection of Personal Data, Royal Decree 1720\/2007 of December 21, which approves the Regulation for the development of the Organic Law, and other applicable regulations in force, including GDPR 2018, and ensures the proper use and processing of users\u2019 personal data.<\/p><p style=\"text-align: justify;\">To this end, alongside each personal data collection form in the services that the user may request from \u201cGrupo La Costa,\u201d the user will be informed of the existence and acceptance of the specific conditions for the processing of their data in each case. This includes information about the responsibility for the data file, the address of the responsible party, the possibility to exercise rights of access, rectification, cancellation, or opposition, the purpose of the processing, and any data communications to third parties if applicable. Additionally, \u201cGrupo La Costa\u201d informs you that it complies with Law 34\/2002 of July 11, on Information Society Services and Electronic Commerce, and will request your consent for the processing of your email for commercial purposes as required.<\/p><p style=\"text-align: justify;\"><strong>5) INTELLECTUAL AND INDUSTRIAL PROPERTY:<\/strong><\/p><p style=\"text-align: justify;\">\u201cGrupo La Costa,\u201d either directly or as an assignee, holds all intellectual and industrial property rights to its website, as well as to the elements contained therein (including, but not limited to, images, sound, audio, video, software, or texts; trademarks or logos, color combinations, structure and design, selection of materials used, computer programs necessary for its operation, access, and use, etc.), which are owned by \u201cGrupo La Costa\u201d or its licensors. All rights reserved. Under the provisions of Articles 8 and 32.1, second paragraph, of the Intellectual Property Law, the reproduction, distribution, and public communication, including its provision, of all or part of the contents of this website for commercial purposes, in any medium and by any technical means, are expressly prohibited without the authorization of \u201cGrupo La Costa.\u201d The USER agrees to respect the intellectual and industrial property rights owned by \u201cGrupo La Costa.\u201d The USER may view the elements of the portal and even print, copy, and store them on their computer\u2019s hard drive or any other physical medium, solely for personal and private use. The USER must refrain from deleting, altering, circumventing, or manipulating any protection device or security system installed on the \u201cGrupo La Costa\u201d pages.<\/p><p style=\"text-align: justify;\"><strong>6) EXCLUSION OF WARRANTIES AND LIABILITY:<\/strong><\/p><p style=\"text-align: justify;\">\u201cGrupo La Costa\u201d shall not be liable, under any circumstances, for damages of any kind that may arise, including but not limited to: errors or omissions in the content or images provided by users, unavailability of the portal, or the transmission of viruses or malicious or harmful programs in the content, despite having taken all necessary technological measures to prevent such issues.<\/p><p style=\"text-align: justify;\"><strong>7) MODIFICATIONS:<\/strong><\/p><p style=\"text-align: justify;\">\u201cGrupo La Costa\u201d se reserva el derecho de efectuar sin previo aviso las modificaciones que considere oportunas en su portal, pudiendo cambiar, suprimir o a\u00f1adir tanto los contenidos y servicios que se presten a trav\u00e9s de la misma como la forma en la que \u00e9stos aparezcan presentados o localizados en su portal.<\/p><p style=\"text-align: justify;\"><strong>8) LINKS:<\/strong><\/p><p style=\"text-align: justify;\">In the event that lacostapropiedades.com contains links or hyperlinks to other websites, \u201cGrupo La Costa\u201d will not exercise any control over those sites and their content. Under no circumstances shall \u201cGrupo La Costa\u201d assume any responsibility for the content of any link belonging to an external website that it does not control, nor will it guarantee the technical availability, quality, reliability, accuracy, completeness, truthfulness, validity, and legality of any material or information contained in any of these hyperlinks or other websites. Similarly, the inclusion of these external connections does not imply any association, merger, or participation with the connected entities.<\/p><p style=\"text-align: justify;\"><strong>9) RIGHT OF EXCLUSION;<\/strong><\/p><p style=\"text-align: justify;\">\u201cGrupo La Costa\u201d reserves the right to deny or withdraw access to the portal and\/or the services offered without prior notice, whether on its own initiative or at the request of a third party, to users who violate these General Terms of Use.<\/p><p style=\"text-align: justify;\"><strong>10) GENERAL:<\/strong><\/p><p style=\"text-align: justify;\">\u201cGrupo La Costa\u201d perseguir\u00e1 el incumplimiento de las presentes condiciones as\u00ed como cualquier utilizaci\u00f3n indebida de su portal ejerciendo todas las acciones civiles y penales que le puedan corresponder en derecho.<\/p><p style=\"text-align: justify;\"><strong>11) MODIFICATION OF THESE CONDITIONS AND DURATION:<\/strong><\/p><p style=\"text-align: justify;\">\u201cGrupo La Costa\u201d may modify the conditions set forth herein at any time, with such modifications being duly published as they appear here. The validity of these conditions will depend on their exposure and they will remain in effect until they are replaced by other conditions that are duly published.<\/p><p style=\"text-align: justify;\"><strong>12) APPLICABLE LEGISLATION AND JURISDICTION:<\/strong><\/p><p style=\"text-align: justify;\">The relationship between \u201cGrupo La Costa\u201d and the USER will be governed by current Spanish legislation, and any disputes will be submitted to the courts and tribunals of the city of M\u00e1laga.<\/p><p style=\"text-align: justify;\"><strong>Contacts<\/strong><br \/>If you have any questions or concerns about our Terms and Conditions, please do not hesitate to contact us via email at rgpd@grupolacosta.com.<\/p><p style=\"text-align: justify;\"><img decoding=\"async\" src=\"data:image\/gif;base64,R0lGODlhAQABAIAAAAAAAP\/\/\/yH5BAEAAAAALAAAAAABAAEAAAIBRAA7\" alt=\"\" width=\"auto\" height=\"auto\" data-cke-saved-src=\"data:image\/gif;base64,R0lGODlhAQABAIAAAAAAAP\/\/\/yH5BAEAAAAALAAAAAABAAEAAAIBRAA7\" \/><\/p><p style=\"text-align: justify;\"><u><strong>PRIVACY POLICY<\/strong><\/u><br \/>As of May 25, 2018, the GDPR is mandatory: Regulation No. 2016\/679 of the European Parliament and of the Council of April 27, 2016, which defines the new data protection, processing, and free movement of personal data of individuals and applies directly to all entities processing data in any European Union member state, including Portugal.<\/p><p style=\"text-align: justify;\"><strong>WHAT DATA DO WE COLLECT?<\/strong><br \/>The term \"Personal Data\" refers to information related to an identified or identifiable individual (data subject). An identifiable individual is someone who can be identified, directly or indirectly, by reference to an identifier such as a name, identification number, location data, electronic identifiers, or one or more specific elements related to the physical, physiological, genetic, mental, economic, cultural, or social identity of that particular individual.<\/p><p style=\"text-align: justify;\"><strong>WHAT DO WE USE THE DATA FOR?<\/strong><br \/>The personal information we collect from you will be used to make your visit to our website as productive and enjoyable as possible. We collect information when you place an order to purchase products or services and\/or when you subscribe to our newsletter, as you need to provide specific personal data (such as name, location, email, and phone number) to use certain services. This data will be used internally for business purposes, such as responding to information requests by phone\/email\/postal mail\/newsletters, SMS, among other communication tools.<\/p><p style=\"text-align: justify;\"><strong>POLICY FOR PROTECTION OF YOUR PERSONAL DATA<\/strong><br \/>The privacy and protection of our customers' data are our number one priority. Therefore, when establishing protocols with our partners, our goal is to ensure that we have specific measures in place for processing and protecting personal data, always ensuring that our customers feel confident in providing us with their personal information when using our services and communicating with us. Our aim is to ensure that third parties do not share their data for commercial purposes and that user data is protected.<\/p><p><strong>YOUR RIGHTS AND HOW TO EXERCISE THEM<\/strong><br \/>Users have the right to withdraw their consent at any time, without compromising the legality of data processing carried out in accordance with the previously given consent. Users also have the right to request access to their personal data, as well as to request changes or deletion, to restrict or object to its processing, and even the right to portability.<\/p><p>Personal data necessary for a contract, to fulfill legal obligations, or for legitimate interests are not included in the above paragraph.<\/p><p>Personal data will be retained only for the minimum period necessary for the purposes for which they were collected, and then they will be deleted or, if desired, processed anonymously for statistical purposes, meaning that the data owner cannot be identified.<\/p><p style=\"text-align: justify;\"><strong>ADVERTISEMENTS<\/strong><br \/>Like any other website, we collect and use information found in advertisements. The information collected in advertisements may include your Internet Protocol (IP) address, your Internet Service Provider (ISP) (such as Sapo, Clix, or another), the browser you used when visiting our website (such as Internet Explorer or Firefox), how long you visited us, and which pages you visited.<\/p><p style=\"text-align: justify;\"><strong>DOUBLECLICK DART COOKIE<\/strong><br \/>As a third-party provider, Google uses cookies to display ads on our website;<\/p><p>Through Dart Cookies, Google can show ads based on visits that the user has made to other websites on the Internet;<\/p><p>Users can disable Dart cookies by visiting Google's Content and Ads Privacy Policy.<\/p><p style=\"text-align: justify;\"><strong>COOKIES AND WEB BEACONS<\/strong><br \/>We use cookies to store information, such as your personal preferences when you visit our website. This may include a simple pop-up or link in various services we provide.<\/p><p>In addition to this, we also use third-party ads on our website to cover maintenance costs. Some of these advertisers may use techniques such as cookies and\/or web beacons whenever they advertise on our website, meaning that (for example, Google through Google AdSense) they will also receive your personal information, such as your IP address, ISP, the browser you are using, etc. This feature is generally used for geographic targeting of the audience (e.g., showing Lisbon ads only to Lisbon readers) or to display advertising targeted to a specific user type (e.g., showing restaurant ads to a user who regularly visits cooking websites).<\/p><p>You can disable your cookies in your browser options or change them in your antivirus tools (such as Norton Internet Security). However, this may change how you interact with our website or others. This may or may not allow you to log in to programs, websites, or forums on our networks (or others).<\/p><p style=\"text-align: justify;\"><strong>LINKS TO THIRD-PARTY WEBSITES<\/strong><br \/>Grupo La Costa will provide links to third-party websites that we believe may contain useful information\/tools for our visitors. These links are provided solely for your convenience. Therefore, we are not responsible for the content of these external websites, and users should review the Terms and Conditions and Privacy Policies of these linked sites.<\/p><p style=\"text-align: justify;\">\u00a0<\/p><\/div><\/div><\/div>\t\t\t\t\t\t<\/div>\n\t\t\t\t<\/div>\n\t\t\t\t\t<\/div>\n\t\t<\/div>\n\t\t\t\t\t<\/div>\n\t\t<\/section>\n\t\t\t\t\t<\/div>\n\t\t<\/div>\n\t\t\t\t\t<\/div>\n\t\t<\/section>\n\t\t\t\t<\/div>","protected":false},"excerpt":{"rendered":"<p>Aviso legal 1) AVISO LEGAL DE USO: Recogida de datos en p\u00e1gina web (LSSICE + LOPD + RGPD) En cumplimiento del Reglamento General de Protecci\u00f3n de Datos (UE) 2016\/679 del Parlamento Europeo y del Consejo de 27 de abril de 2016 le informamos que los datos por Vd. proporcionados ser\u00e1n objeto de tratamiento por parte [&hellip;]<\/p>","protected":false},"author":3,"featured_media":0,"parent":0,"menu_order":0,"comment_status":"closed","ping_status":"closed","template":"","meta":{"footnotes":""},"class_list":["post-1038","page","type-page","status-publish","hentry"],"_links":{"self":[{"href":"https:\/\/grupolacosta.com\/en\/wp-json\/wp\/v2\/pages\/1038","targetHints":{"allow":["GET"]}}],"collection":[{"href":"https:\/\/grupolacosta.com\/en\/wp-json\/wp\/v2\/pages"}],"about":[{"href":"https:\/\/grupolacosta.com\/en\/wp-json\/wp\/v2\/types\/page"}],"author":[{"embeddable":true,"href":"https:\/\/grupolacosta.com\/en\/wp-json\/wp\/v2\/users\/3"}],"replies":[{"embeddable":true,"href":"https:\/\/grupolacosta.com\/en\/wp-json\/wp\/v2\/comments?post=1038"}],"version-history":[{"count":18,"href":"https:\/\/grupolacosta.com\/en\/wp-json\/wp\/v2\/pages\/1038\/revisions"}],"predecessor-version":[{"id":2393,"href":"https:\/\/grupolacosta.com\/en\/wp-json\/wp\/v2\/pages\/1038\/revisions\/2393"}],"wp:attachment":[{"href":"https:\/\/grupolacosta.com\/en\/wp-json\/wp\/v2\/media?parent=1038"}],"curies":[{"name":"wp","href":"https:\/\/api.w.org\/{rel}","templated":true}]}}